{"id":381,"date":"2018-07-10T12:17:14","date_gmt":"2018-07-10T10:17:14","guid":{"rendered":"https:\/\/www.dq-index.de\/?page_id=381"},"modified":"2018-07-10T13:31:00","modified_gmt":"2018-07-10T11:31:00","slug":"data-scientist-ausbildung-und-weiterbildung","status":"publish","type":"page","link":"https:\/\/www.dq-index.de\/index.php\/data-scientist-ausbildung-und-weiterbildung\/","title":{"rendered":"Data Scientist Ausbildung und Weiterbildung"},"content":{"rendered":"<p>[vc_row][vc_column]\r\n            \r\n            <div class=\"vcg-heading vcg-heading-YWCESTJbNK \">\r\n                <h3 class=\"vcg-heading-content vcg-heading-align-center size-24px \" style=\"; font-weight: 700; ; ; ; ; \">\r\n                                        Eine Auswahl von Links zu: Ausbildung \/ Studium ``Data Scientist``                <\/h3>\r\n            <\/div>\r\n\r\n        [vc_empty_space][\/vc_column][\/vc_row][vc_row][vc_column width=&#8220;1\/3&#8243;][vc_cta h2=&#8220;Bitkom-Akademie&#8220; h2_google_fonts=&#8220;font_family:Dosis%3A200%2C300%2Cregular%2C500%2C600%2C700%2C800|font_style:500%20bold%20regular%3A500%3Anormal&#8220; txt_align=&#8220;center&#8220; add_button=&#8220;bottom&#8220; btn_title=&#8220;READ MORE&#8220; btn_style=&#8220;outline&#8220; btn_color=&#8220;warning&#8220; btn_align=&#8220;center&#8220; use_custom_fonts_h2=&#8220;true&#8220; btn_link=&#8220;url:https%3A%2F%2Fwww.bitkom-akademie.de%2Fseminare%2Ftech-trends-projektmanagement%2Fausbildung-data-scientist|||&#8220;]<\/p>\n<p style=\"text-align: center;\"><span style=\"font-size: 18px;\">Ausbildung Data Scientist<\/span><\/p>\n<p>[\/vc_cta][vc_cta h2=&#8220;University of Applied Sciences Europe&#8220; h2_google_fonts=&#8220;font_family:Dosis%3A200%2C300%2Cregular%2C500%2C600%2C700%2C800|font_style:500%20bold%20regular%3A500%3Anormal&#8220; txt_align=&#8220;center&#8220; add_button=&#8220;bottom&#8220; btn_title=&#8220;READ MORE&#8220; btn_style=&#8220;outline&#8220; btn_color=&#8220;warning&#8220; btn_align=&#8220;center&#8220; use_custom_fonts_h2=&#8220;true&#8220; btn_link=&#8220;url:http%3A%2F%2Fwww.bits-hochschule.de%2Fde%2Fstudium%2Fdigital-business-data-science%2F|||&#8220;]<\/p>\n<p style=\"text-align: center;\"><span style=\"font-size: 16px;\">B.Sc. &#8211; Digital Business &amp; Data Science<\/span><\/p>\n<p>[\/vc_cta][\/vc_column][vc_column width=&#8220;1\/3&#8243;][vc_cta h2=&#8220;Universit\u00e4t Stuttgart&#8220; h2_google_fonts=&#8220;font_family:Dosis%3A200%2C300%2Cregular%2C500%2C600%2C700%2C800|font_style:500%20bold%20regular%3A500%3Anormal&#8220; txt_align=&#8220;center&#8220; add_button=&#8220;bottom&#8220; btn_title=&#8220;READ MORE&#8220; btn_style=&#8220;outline&#8220; btn_color=&#8220;warning&#8220; btn_align=&#8220;center&#8220; use_custom_fonts_h2=&#8220;true&#8220; btn_link=&#8220;url:https%3A%2F%2Fwww.statistik.tu-dortmund.de%2Fbachelor_datenanalyse.html|||&#8220;]<\/p>\n<p style=\"text-align: center;\"><span style=\"font-size: 16px;\">B.Sc. &#8211;\u00a0 Data Science<\/span><\/p>\n<p>[\/vc_cta][vc_cta h2=&#8220;Technische Universit\u00e4t Dortmund&#8220; h2_google_fonts=&#8220;font_family:Dosis%3A200%2C300%2Cregular%2C500%2C600%2C700%2C800|font_style:500%20bold%20regular%3A500%3Anormal&#8220; txt_align=&#8220;center&#8220; add_button=&#8220;bottom&#8220; btn_title=&#8220;READ MORE&#8220; btn_style=&#8220;outline&#8220; btn_color=&#8220;warning&#8220; btn_align=&#8220;center&#8220; use_custom_fonts_h2=&#8220;true&#8220; btn_link=&#8220;url:https%3A%2F%2Fwww.statistik.tu-dortmund.de%2Fbachelor_datenanalyse.html|||&#8220;]<\/p>\n<p style=\"text-align: center;\"><span style=\"font-size: 16px;\">B.Sc. &#8211;\u00a0 Datenanalyse\u00a0 und Datenmanagement<\/span><\/p>\n<p>[\/vc_cta][\/vc_column][vc_column width=&#8220;1\/3&#8243;][vc_cta h2=&#8220;Hochschule Aalen&#8220; h2_google_fonts=&#8220;font_family:Dosis%3A200%2C300%2Cregular%2C500%2C600%2C700%2C800|font_style:500%20bold%20regular%3A500%3Anormal&#8220; txt_align=&#8220;center&#8220; add_button=&#8220;bottom&#8220; btn_title=&#8220;READ MORE&#8220; btn_style=&#8220;outline&#8220; btn_color=&#8220;warning&#8220; btn_align=&#8220;center&#8220; use_custom_fonts_h2=&#8220;true&#8220; btn_link=&#8220;url:https%3A%2F%2Fwww.hs-aalen.de%2Fde%2Fcourses%2F99-data-science-und-business-analytics|||&#8220;]<\/p>\n<p style=\"text-align: center;\"><span style=\"font-size: 14px;\">M.Sc.\u00a0 &#8211; Data Science und Business Analytics<\/span><\/p>\n<p>[\/vc_cta][vc_cta h2=&#8220;Philipps-Universit\u00e4t Marburg&#8220; h2_google_fonts=&#8220;font_family:Dosis%3A200%2C300%2Cregular%2C500%2C600%2C700%2C800|font_style:500%20bold%20regular%3A500%3Anormal&#8220; txt_align=&#8220;center&#8220; add_button=&#8220;bottom&#8220; btn_title=&#8220;READ MORE&#8220; btn_style=&#8220;outline&#8220; btn_color=&#8220;warning&#8220; btn_align=&#8220;center&#8220; use_custom_fonts_h2=&#8220;true&#8220; btn_link=&#8220;url:https%3A%2F%2Fwww.hs-aalen.de%2Fde%2Fcourses%2F99-data-science-und-business-analytics|||&#8220;]<\/p>\n<p style=\"text-align: center;\"><span style=\"font-size: 14px;\">B.Sc.\u00a0 &#8211; Data Science<\/span><\/p>\n<p>[\/vc_cta][\/vc_column][\/vc_row][vc_row][vc_column][vc_row_inner][vc_column_inner]\r\n            \r\n            <div class=\"vcg-heading vcg-heading-CvfcakI9O1 \">\r\n                <h3 class=\"vcg-heading-content vcg-heading-align-center size-24px \" style=\"; font-weight: 700; ; ; ; ; \">\r\n                                        Eine Auswahl von Links zu: Weiterbildung \/ Schulung ``Data Scientist``                <\/h3>\r\n            <\/div>\r\n\r\n        [\/vc_column_inner][\/vc_row_inner][vc_empty_space][\/vc_column][\/vc_row][vc_row][vc_column width=&#8220;1\/3&#8243;][vc_cta h2=&#8220;Fraunhofer-Institut&#8220; h2_google_fonts=&#8220;font_family:Dosis%3A200%2C300%2Cregular%2C500%2C600%2C700%2C800|font_style:500%20bold%20regular%3A500%3Anormal&#8220; txt_align=&#8220;center&#8220; add_button=&#8220;bottom&#8220; btn_title=&#8220;READ MORE&#8220; btn_style=&#8220;outline&#8220; btn_color=&#8220;warning&#8220; btn_align=&#8220;center&#8220; use_custom_fonts_h2=&#8220;true&#8220; btn_link=&#8220;url:https%3A%2F%2Fwww.iais.fraunhofer.de%2Fde%2Fgeschaeftsfelder%2Fbig-data-analytics%2Fuebersicht%2Fdata-scientist-schulungen.html|||&#8220;]<\/p>\n<p style=\"text-align: center;\"><span style=\"font-size: 18px;\">Data Science Schulungen<\/span><\/p>\n<p>[\/vc_cta][vc_cta h2=&#8220;neuefische GmbH&#8220; h2_google_fonts=&#8220;font_family:Dosis%3A200%2C300%2Cregular%2C500%2C600%2C700%2C800|font_style:500%20bold%20regular%3A500%3Anormal&#8220; h4=&#8220;               &#8220; txt_align=&#8220;center&#8220; add_button=&#8220;bottom&#8220; btn_title=&#8220;READ MORE&#8220; btn_style=&#8220;outline&#8220; btn_color=&#8220;warning&#8220; btn_align=&#8220;center&#8220; use_custom_fonts_h2=&#8220;true&#8220; btn_link=&#8220;url:https%3A%2F%2Fwww.neuefische.de%2Fweiterbildung%2Fdata-science|||&#8220; css=&#8220;.vc_custom_1531222232082{padding-bottom: 65px !important;}&#8220;]<\/p>\n<p style=\"text-align: center;\"><span style=\"font-size: 18px;\">Weiterbildung zum Data Scientist<\/span><\/p>\n<p>[\/vc_cta][\/vc_column][vc_column width=&#8220;1\/3&#8243;][vc_cta h2=&#8220;Alexander Thamm GmbH&#8220; h2_google_fonts=&#8220;font_family:Dosis%3A200%2C300%2Cregular%2C500%2C600%2C700%2C800|font_style:500%20bold%20regular%3A500%3Anormal&#8220; txt_align=&#8220;center&#8220; add_button=&#8220;bottom&#8220; btn_title=&#8220;READ MORE&#8220; btn_style=&#8220;outline&#8220; btn_color=&#8220;warning&#8220; btn_align=&#8220;center&#8220; use_custom_fonts_h2=&#8220;true&#8220; btn_link=&#8220;url:https%3A%2F%2Fwww.alexanderthamm.com%2Fde%2Fdata-science-schulung-fuer-einsteiger%2F|||&#8220;]<\/p>\n<p style=\"text-align: center;\"><span style=\"font-size: 16px;\">Data Science Schulung f\u00fcr Einsteiger<\/span><\/p>\n<p>[\/vc_cta][vc_cta h2=&#8220;Westf\u00e4lische Wilhelms-Universit\u00e4t M\u00fcnster&#8220; h2_google_fonts=&#8220;font_family:Dosis%3A200%2C300%2Cregular%2C500%2C600%2C700%2C800|font_style:500%20bold%20regular%3A500%3Anormal&#8220; txt_align=&#8220;center&#8220; add_button=&#8220;bottom&#8220; btn_title=&#8220;READ MORE&#8220; btn_style=&#8220;outline&#8220; btn_color=&#8220;warning&#8220; btn_align=&#8220;center&#8220; use_custom_fonts_h2=&#8220;true&#8220; btn_link=&#8220;url:https%3A%2F%2Fweiterbildung.uni-muenster.de%2Fzertifikatsstudiengaenge%2Fdata-science%2F|||&#8220;]<\/p>\n<p style=\"text-align: center;\"><span style=\"font-size: 18px;\">Data Science\u00a0<\/span><\/p>\n<p>[\/vc_cta][\/vc_column][vc_column width=&#8220;1\/3&#8243;][vc_cta h2=&#8220;AWW e.V.&#8220; h2_google_fonts=&#8220;font_family:Dosis%3A200%2C300%2Cregular%2C500%2C600%2C700%2C800|font_style:500%20bold%20regular%3A500%3Anormal&#8220; txt_align=&#8220;center&#8220; add_button=&#8220;bottom&#8220; btn_title=&#8220;READ MORE&#8220; btn_style=&#8220;outline&#8220; btn_color=&#8220;warning&#8220; btn_align=&#8220;center&#8220; use_custom_fonts_h2=&#8220;true&#8220; btn_link=&#8220;url:https%3A%2F%2Fwww.aww-brandenburg.de%2Fweiterbildungsangebote%2Fdata-science%2F|||&#8220;]<\/p>\n<p style=\"text-align: center;\"><span style=\"font-size: 18px;\">Zertifikatskurs Data Science\u00a0<\/span><\/p>\n<p>[\/vc_cta][vc_cta h2=&#8220;Hochschule der Medien Weiterbildungszentrum&#8220; h2_google_fonts=&#8220;font_family:Dosis%3A200%2C300%2Cregular%2C500%2C600%2C700%2C800|font_style:500%20bold%20regular%3A500%3Anormal&#8220; txt_align=&#8220;center&#8220; add_button=&#8220;bottom&#8220; btn_title=&#8220;READ MORE&#8220; btn_style=&#8220;outline&#8220; btn_color=&#8220;warning&#8220; btn_align=&#8220;center&#8220; use_custom_fonts_h2=&#8220;true&#8220; btn_link=&#8220;url:https%3A%2F%2Fwww.hdm-weiterbildung.de%2Fberufsbegleitendes-kontaktstudium%2Fdata-science-and-business-analytics|||&#8220;]<\/p>\n<p style=\"text-align: center;\"><span style=\"font-size: 18px;\">Data Science and Business Analytics<\/span><\/p>\n<p>[\/vc_cta][\/vc_column][\/vc_row][vc_row][vc_column][vc_btn title=&#8220;ZUR\u00dcCK&#8220; style=&#8220;outline&#8220; color=&#8220;warning&#8220; align=&#8220;center&#8220; i_icon_fontawesome=&#8220;fa fa-arrow-left&#8220; add_icon=&#8220;true&#8220; link=&#8220;url:https%3A%2F%2Fwww.dq-index.de%2Findex.php%2F2018%2F07%2F04%2Fdata-scientist-ein-beruf-mit-zukunft%2F|||&#8220;][\/vc_column][\/vc_row]<\/p>\n","protected":false},"excerpt":{"rendered":"<p>[vc_row][vc_column][vc_empty_space][\/vc_column][\/vc_row][vc_row][vc_column width=&#8220;1\/3&#8243;][vc_cta h2=&#8220;Bitkom-Akademie&#8220; h2_google_fonts=&#8220;font_family:Dosis%3A200%2C300%2Cregular%2C500%2C600%2C700%2C800|font_style:500%20bold%20regular%3A500%3Anormal&#8220; txt_align=&#8220;center&#8220; add_button=&#8220;bottom&#8220; btn_title=&#8220;READ MORE&#8220; btn_style=&#8220;outline&#8220; btn_color=&#8220;warning&#8220; btn_align=&#8220;center&#8220; use_custom_fonts_h2=&#8220;true&#8220; btn_link=&#8220;url:https%3A%2F%2Fwww.bitkom-akademie.de%2Fseminare%2Ftech-trends-projektmanagement%2Fausbildung-data-scientist|||&#8220;] Ausbildung Data Scientist [\/vc_cta][vc_cta h2=&#8220;University of Applied Sciences Europe&#8220; h2_google_fonts=&#8220;font_family:Dosis%3A200%2C300%2Cregular%2C500%2C600%2C700%2C800|font_style:500%20bold%20regular%3A500%3Anormal&#8220; txt_align=&#8220;center&#8220; add_button=&#8220;bottom&#8220; btn_title=&#8220;READ MORE&#8220; btn_style=&#8220;outline&#8220; btn_color=&#8220;warning&#8220; btn_align=&#8220;center&#8220;&#8230;<\/p>\n","protected":false},"author":1,"featured_media":0,"parent":0,"menu_order":0,"comment_status":"closed","ping_status":"closed","template":"","meta":[],"_links":{"self":[{"href":"https:\/\/www.dq-index.de\/index.php\/wp-json\/wp\/v2\/pages\/381"}],"collection":[{"href":"https:\/\/www.dq-index.de\/index.php\/wp-json\/wp\/v2\/pages"}],"about":[{"href":"https:\/\/www.dq-index.de\/index.php\/wp-json\/wp\/v2\/types\/page"}],"author":[{"embeddable":true,"href":"https:\/\/www.dq-index.de\/index.php\/wp-json\/wp\/v2\/users\/1"}],"replies":[{"embeddable":true,"href":"https:\/\/www.dq-index.de\/index.php\/wp-json\/wp\/v2\/comments?post=381"}],"version-history":[{"count":4,"href":"https:\/\/www.dq-index.de\/index.php\/wp-json\/wp\/v2\/pages\/381\/revisions"}],"predecessor-version":[{"id":387,"href":"https:\/\/www.dq-index.de\/index.php\/wp-json\/wp\/v2\/pages\/381\/revisions\/387"}],"wp:attachment":[{"href":"https:\/\/www.dq-index.de\/index.php\/wp-json\/wp\/v2\/media?parent=381"}],"curies":[{"name":"wp","href":"https:\/\/api.w.org\/{rel}","templated":true}]}}