{"id":324,"date":"2018-07-09T11:00:06","date_gmt":"2018-07-09T09:00:06","guid":{"rendered":"https:\/\/www.dq-index.de\/?page_id=324"},"modified":"2018-07-13T14:58:29","modified_gmt":"2018-07-13T12:58:29","slug":"dq-job-portale","status":"publish","type":"page","link":"https:\/\/www.dq-index.de\/index.php\/produkte\/dq-job-portale\/","title":{"rendered":"DQ-Job-Portale"},"content":{"rendered":"<p>[vc_row][vc_column width=&#8220;1\/4&#8243;]\r\n            \r\n            <div class=\"vcg-heading vcg-heading-hplBHqOde1 \">\r\n                <h3 class=\"vcg-heading-content vcg-heading-align-center size-24px \" style=\"; font-weight: 700; ; ; ; ; \">\r\n                                        Produkt                <\/h3>\r\n            <\/div>\r\n\r\n        [vc_empty_space][\/vc_column][vc_column width=&#8220;1\/2&#8243;]\r\n            \r\n            <div class=\"vcg-heading vcg-heading-DFwheYGtbS \">\r\n                <h3 class=\"vcg-heading-content vcg-heading-align-center size-24px \" style=\"; font-weight: 700; ; ; ; ; \">\r\n                                        Inhalte                <\/h3>\r\n            <\/div>\r\n\r\n        [vc_empty_space][\/vc_column][vc_column width=&#8220;1\/4&#8243;]\r\n            \r\n            <div class=\"vcg-heading vcg-heading-SEdB1VafYC \">\r\n                <h3 class=\"vcg-heading-content vcg-heading-align-center size-24px \" style=\"; font-weight: 700; ; ; ; ; \">\r\n                                        Termin                <\/h3>\r\n            <\/div>\r\n\r\n        [vc_empty_space][\/vc_column][\/vc_row][vc_row][vc_column width=&#8220;1\/4&#8243;][vc_cta h2=&#8220;DQ-Job-Portale&#8220; h2_font_container=&#8220;font_size:26|color:%2350526a&#8220; h2_google_fonts=&#8220;font_family:Dosis%3A200%2C300%2Cregular%2C500%2C600%2C700%2C800|font_style:500%20bold%20regular%3A500%3Anormal&#8220; txt_align=&#8220;center&#8220; use_custom_fonts_h2=&#8220;true&#8220; css=&#8220;.vc_custom_1531311487087{margin-bottom: -15px !important;}&#8220;]<\/p>\n<p style=\"text-align: center;\"><strong><img loading=\"lazy\" class=\"alignnone size-full wp-image-413\" src=\"https:\/\/www.dq-index.de\/wp-content\/uploads\/2018\/07\/browser-window-1.png\" alt=\"\" width=\"128\" height=\"128\" srcset=\"https:\/\/www.dq-index.de\/wp-content\/uploads\/2018\/07\/browser-window-1.png 128w, https:\/\/www.dq-index.de\/wp-content\/uploads\/2018\/07\/browser-window-1-80x80.png 80w\" sizes=\"(max-width: 128px) 100vw, 128px\" \/><\/strong><\/p>\n<p style=\"text-align: center;\"><span style=\"color: #50526a;\"><strong>Ihre eigene Stellenb\u00f6rse:<\/strong><\/span><\/p>\n<p style=\"text-align: center;\"><span style=\"font-size: 16px;\">Die Marktf\u00fchrerschaft zum Bestellen<\/span><\/p>\n<p>[\/vc_cta][vc_cta h2=&#8220;&#8220; txt_align=&#8220;center&#8220; add_button=&#8220;bottom&#8220; btn_title=&#8220;READ MORE&#8220; btn_style=&#8220;outline&#8220; btn_color=&#8220;warning&#8220; btn_align=&#8220;center&#8220; btn_link=&#8220;url:https%3A%2F%2Fwww.dq-index.de%2Findex.php%2Fprodukte%2Fdq-job-portale%2Fread-more%2F|||&#8220;]<\/p>\n<p style=\"text-align: center;\"><span style=\"font-size: 16px;\">Wollen Sie hier gleich pr\u00fcfen, wie eine Marktf\u00fchrerschaft in Ihrem\u00a0\u00a0 Marktsegment aussehen kann?<\/span><\/p>\n<p>[\/vc_cta][\/vc_column][vc_column width=&#8220;1\/2&#8243;][vc_column_text]Unsere Datenbank enth\u00e4lt nicht nur 98% aller Stellenanzeigen der letzte 6 Jahre aus D\/A\/CH. Mit t\u00e4glich ca. 2. Millionen unduplizierten Stellenanzeigen und fast 18.000 aktiven Suchagenten bilden wir den Markt sehr komplett ab. Dies versetzt uns in die Lage, f\u00fcr unsere Kunden ein einzigartiges Angebot bereit zu halten: Mit unserer marktf\u00fchrenden Technologie powered by www.cesar.de bieten wir Ihnen respektive Ihrem Unternehmen die M\u00f6glichkeit, sofort zum Start die <b>Marktf\u00fchrerschaft<\/b> zu \u00fcbernehmen. Eine Position, die nicht nur f\u00fcr das Anzeigengesch\u00e4ft hilfreich sein wird, sondern auch f\u00fcr eine signifikante Erh\u00f6hung des direkten Traffics auf den beteiligten Webseiten f\u00fchren kann. Fragen Sie uns gerne an![\/vc_column_text][vc_empty_space height=&#8220;155px&#8220;][vc_btn title=&#8220;ZUR\u00dcCK&#8220; style=&#8220;outline&#8220; color=&#8220;warning&#8220; i_icon_fontawesome=&#8220;fa fa-arrow-left&#8220; add_icon=&#8220;true&#8220; link=&#8220;url:https%3A%2F%2Fwww.dq-index.de%2Findex.php%2Fprodukte%2F|||&#8220;][\/vc_column][vc_column width=&#8220;1\/4&#8243;][vc_cta h2=&#8220;DQ-Beratung&#8220; h2_font_container=&#8220;color:%2350526a&#8220; h2_google_fonts=&#8220;font_family:Dosis%3A200%2C300%2Cregular%2C500%2C600%2C700%2C800|font_style:500%20bold%20regular%3A500%3Anormal&#8220; h2_css_animation=&#8220;none&#8220; txt_align=&#8220;center&#8220; use_custom_fonts_h2=&#8220;true&#8220; h2_link=&#8220;url:mailto%3Aresponse%40dq-index.de|||&#8220;]<\/p>\n<h3 style=\"text-align: center;\"><a href=\"mailto:response@dq-index.de\"><img loading=\"lazy\" class=\"alignnone wp-image-416 size-full\" src=\"https:\/\/www.dq-index.de\/wp-content\/uploads\/2018\/07\/phone-call.png\" alt=\"\" width=\"128\" height=\"128\" srcset=\"https:\/\/www.dq-index.de\/wp-content\/uploads\/2018\/07\/phone-call.png 128w, https:\/\/www.dq-index.de\/wp-content\/uploads\/2018\/07\/phone-call-80x80.png 80w\" sizes=\"(max-width: 128px) 100vw, 128px\" \/><\/a><\/h3>\n<h3 style=\"text-align: center;\"><a href=\"mailto:response@dq-index.de\"><span style=\"color: #50526a;\">Jetzt unverbindlichen\u00a0Termin vereinbaren<\/span><\/a><\/h3>\n<p>[\/vc_cta][\/vc_column][\/vc_row]<\/p>\n","protected":false},"excerpt":{"rendered":"<p>[vc_row][vc_column width=&#8220;1\/4&#8243;][vc_empty_space][\/vc_column][vc_column width=&#8220;1\/2&#8243;][vc_empty_space][\/vc_column][vc_column width=&#8220;1\/4&#8243;][vc_empty_space][\/vc_column][\/vc_row][vc_row][vc_column width=&#8220;1\/4&#8243;][vc_cta h2=&#8220;DQ-Job-Portale&#8220; h2_font_container=&#8220;font_size:26|color:%2350526a&#8220; h2_google_fonts=&#8220;font_family:Dosis%3A200%2C300%2Cregular%2C500%2C600%2C700%2C800|font_style:500%20bold%20regular%3A500%3Anormal&#8220; txt_align=&#8220;center&#8220; use_custom_fonts_h2=&#8220;true&#8220; css=&#8220;.vc_custom_1531311487087{margin-bottom: -15px !important;}&#8220;] Ihre eigene Stellenb\u00f6rse: Die Marktf\u00fchrerschaft zum Bestellen [\/vc_cta][vc_cta h2=&#8220;&#8220; txt_align=&#8220;center&#8220; add_button=&#8220;bottom&#8220; btn_title=&#8220;READ MORE&#8220; btn_style=&#8220;outline&#8220; btn_color=&#8220;warning&#8220; btn_align=&#8220;center&#8220; btn_link=&#8220;url:https%3A%2F%2Fwww.dq-index.de%2Findex.php%2Fprodukte%2Fdq-job-portale%2Fread-more%2F|||&#8220;]&#8230;<\/p>\n","protected":false},"author":1,"featured_media":0,"parent":280,"menu_order":0,"comment_status":"closed","ping_status":"closed","template":"","meta":[],"_links":{"self":[{"href":"https:\/\/www.dq-index.de\/index.php\/wp-json\/wp\/v2\/pages\/324"}],"collection":[{"href":"https:\/\/www.dq-index.de\/index.php\/wp-json\/wp\/v2\/pages"}],"about":[{"href":"https:\/\/www.dq-index.de\/index.php\/wp-json\/wp\/v2\/types\/page"}],"author":[{"embeddable":true,"href":"https:\/\/www.dq-index.de\/index.php\/wp-json\/wp\/v2\/users\/1"}],"replies":[{"embeddable":true,"href":"https:\/\/www.dq-index.de\/index.php\/wp-json\/wp\/v2\/comments?post=324"}],"version-history":[{"count":14,"href":"https:\/\/www.dq-index.de\/index.php\/wp-json\/wp\/v2\/pages\/324\/revisions"}],"predecessor-version":[{"id":492,"href":"https:\/\/www.dq-index.de\/index.php\/wp-json\/wp\/v2\/pages\/324\/revisions\/492"}],"up":[{"embeddable":true,"href":"https:\/\/www.dq-index.de\/index.php\/wp-json\/wp\/v2\/pages\/280"}],"wp:attachment":[{"href":"https:\/\/www.dq-index.de\/index.php\/wp-json\/wp\/v2\/media?parent=324"}],"curies":[{"name":"wp","href":"https:\/\/api.w.org\/{rel}","templated":true}]}}