{"id":106,"date":"2018-05-18T14:25:25","date_gmt":"2018-05-18T12:25:25","guid":{"rendered":"https:\/\/www.dq-index.de\/?page_id=106"},"modified":"2018-07-26T10:13:32","modified_gmt":"2018-07-26T08:13:32","slug":"startseite","status":"publish","type":"page","link":"https:\/\/www.dq-index.de\/","title":{"rendered":"DQ-Index"},"content":{"rendered":"<p>[vc_row][vc_column][vc_column_text]<\/p>\n<h1><strong>DQ-Index: Die neue Orientierung im Markt der Digitalisierung<\/strong><\/h1>\n<h3>Was Unternehmen an digitalen Qualifikationen fordern und wie sich die Skills ver\u00e4ndern<\/h3>\n<p>DQ-Index ist ein neues Informationsportal, das Daten \u00fcber den digitalen Jobmarkt auswertet und Analysen und Zusammenfassungen zu aktuellen Entwicklungen auf seiner Seite ver\u00f6ffentlicht. Hierbei werden Daten \u00fcber die Digitalisierungsprozesse und neue Arbeitsmodelle sowie Kompetenzen aus dem gesamten deutschen Jobmarkt ausgewertet und als kompakte Analysen dargestellt &#8230;[\/vc_column_text][vc_btn title=&#8220;READ MORE&#8220; style=&#8220;outline&#8220; color=&#8220;warning&#8220; link=&#8220;url:https%3A%2F%2Fwww.dq-index.de%2Findex.php%2Fueber-uns%2F|||&#8220;][vc_empty_space][\/vc_column][\/vc_row][vc_row][vc_column]                            <div class=\"sh-blog-fancy-title-container sh-blog-fancy-title-container-sides\">\r\n                    <h2 class=\"sh-blog-fancy-title\">\r\n                        Themen                    <\/h2>\r\n                <\/div>\r\n                        <div class=\"sh-blog-standard-posts blog-posts-noCTIhsSMy\">\r\n                <div class=\"sh-group blog-list blog-style-large blog-style-large-element  \">\r\n                    \r\n\t<article id=\"post-153\" class=\"post-item post-153 post type-post status-publish format-standard has-post-thumbnail hentry category-allgemein tag-arbeit-4-0 tag-dax-30 tag-digitalquotient\">\r\n\t\t<div class=\"post-container\">\r\n\r\n\t\t\t\t\t\t\t<div class=\"post-categories-container\"><div class=\"post-categories\"><a href=\"https:\/\/www.dq-index.de\/index.php\/category\/allgemein\/\">Themen<\/a><\/div><\/div>\t\t\t\t<a href=\"https:\/\/www.dq-index.de\/index.php\/dq-ergaenzt-iq-was-firmen-an-digitalen-qualifikationen-fordern\/\" class=\"post-title\">\r\n\t\t\t\t\t<h2>\r\n\t\t\t\t\t\t\t\t\t\t\t\tDQ erg\u00e4nzt IQ \u2013 Was Firmen an digitalen Qualifikationen fordern.\t\t\t\t\t<\/h2>\r\n\t\t\t\t<\/a>\r\n\t\t\t\t<div class=\"post-meta\">\r\n\t\t\t\t\t\r\n    <div class=\"post-meta-content\">\r\n                    <span class=\"post-auhor-date\">\r\n                                <span>\r\n                <a href=\"https:\/\/www.dq-index.de\/index.php\/author\/usr_wp\/\" class=\"post-author\">Redaktion<\/a><\/span>,\r\n                                    <a href=\"https:\/\/www.dq-index.de\/index.php\/dq-ergaenzt-iq-was-firmen-an-digitalen-qualifikationen-fordern\/\" class=\"post-date\">\r\n                                                                            24. Juli 2018                                            <\/a>\r\n                            <\/span>\r\n        \r\n                \r\n                \r\n                \r\n                            <span class=\"post-readtime\">\r\n                <i class=\"icon icon-clock\"><\/i>\r\n                5 min <span>read<\/span>            <\/span>\r\n        \r\n                \r\n                            <span class=\"placeholder-post-read-later\"><\/span>\r\n            <\/div>\r\n\r\n\t\t\t\t<\/div>\r\n\t\t\t\r\n\t\t\t\t\t\t\t<div class=\"post-thumbnail\">\r\n\t\t\t\t\t\t\t\t\t\t\t<img width=\"1200\" height=\"675\" src=\"https:\/\/www.dq-index.de\/wp-content\/uploads\/2018\/05\/shutterstock_662832856_4-mb-1200x675.jpg\" class=\"attachment-gillion-landscape-large size-gillion-landscape-large wp-post-image\" alt=\"\" loading=\"lazy\" \/>\t\t\t\t\t\r\n\t\t\t\t\t            <a href=\"https:\/\/www.dq-index.de\/index.php\/dq-ergaenzt-iq-was-firmen-an-digitalen-qualifikationen-fordern\/\" class=\"post-overlay\"><\/a>\r\n        \t\t\t\t\t\t\t\t\t<\/div>\r\n\t\t\t\r\n\t\t\t\r\n\t\t\t<div class=\"post-content-container\">\r\n\t\t\t\t<div class=\"post-content\">\r\n\t\t\t\t\t<p>[vc_row][vc_column][vc_column_text]Der Digitalquotient als neue Dimension in der Arbeitswelt 4.0. Im Zeitalter der Digitalisierung und Globalisierung wird nicht nur die Welt immer komplexer. Gleichzeitig steigen die Anforderungen in der Arbeitswelt und&#8230;<\/p>\n\t\t\t\t<\/div>\r\n\t\t\t<\/div>\r\n\r\n\t\t\t        <div class=\"post-readmore sh-table\">\r\n        \t<div class=\"sh-table-cell post-readmore-text\">\r\n        \t\t<a href=\"https:\/\/www.dq-index.de\/index.php\/dq-ergaenzt-iq-was-firmen-an-digitalen-qualifikationen-fordern\/\">\r\n        \t\t\t<h6>Read more<\/h6>\r\n        \t\t<\/a>\r\n        \t<\/div>\r\n        \t<div class=\"sh-table-cell post-readmore-line\">\r\n        \t\t<div class=\"post-readmore-line-content\"><\/div>\r\n        \t<\/div>\r\n        \t<div class=\"sh-table-cell\">\r\n        \t\t<div class=\"post-content-share post-content-share-side\" data-url=\"https:\/\/www.dq-index.de\/index.php\/dq-ergaenzt-iq-was-firmen-an-digitalen-qualifikationen-fordern\/\" data-title=\"DQ erg\u00e4nzt IQ \u2013 Was Firmen an digitalen Qualifikationen fordern.\"><\/div>\r\n        \t<\/div>\r\n        <\/div>\r\n\r\n    \r\n\t\t<\/div>\r\n\t<\/article>\r\n\r\n                <\/div>\r\n\r\n                \r\n            <\/div>\r\n\r\n        [\/vc_column][\/vc_row][vc_row][vc_column]                            <div class=\"sh-blog-fancy-title-container sh-blog-fancy-title-container-sides\">\r\n                    <h2 class=\"sh-blog-fancy-title\">\r\n                        Berufsbilder                    <\/h2>\r\n                <\/div>\r\n                        <div class=\"sh-blog-standard-posts blog-posts-ZJ2S9bcVTE\">\r\n                <div class=\"sh-group blog-list blog-style-large blog-style-large-element  \">\r\n                    \r\n\t<article id=\"post-226\" class=\"post-item post-226 post type-post status-publish format-standard has-post-thumbnail hentry category-berufsbild tag-data-science\">\r\n\t\t<div class=\"post-container\">\r\n\r\n\t\t\t\t\t\t\t<div class=\"post-categories-container\"><div class=\"post-categories\"><a href=\"https:\/\/www.dq-index.de\/index.php\/category\/berufsbild\/\">Berufsbild<\/a><\/div><\/div>\t\t\t\t<a href=\"https:\/\/www.dq-index.de\/index.php\/data-scientist-ein-beruf-mit-zukunft\/\" class=\"post-title\">\r\n\t\t\t\t\t<h2>\r\n\t\t\t\t\t\t\t\t\t\t\t\tData Scientist \u2013 The sexiest job of the century.\t\t\t\t\t<\/h2>\r\n\t\t\t\t<\/a>\r\n\t\t\t\t<div class=\"post-meta\">\r\n\t\t\t\t\t\r\n    <div class=\"post-meta-content\">\r\n                    <span class=\"post-auhor-date\">\r\n                                <span>\r\n                <a href=\"https:\/\/www.dq-index.de\/index.php\/author\/usr_wp\/\" class=\"post-author\">Redaktion<\/a><\/span>,\r\n                                    <a href=\"https:\/\/www.dq-index.de\/index.php\/data-scientist-ein-beruf-mit-zukunft\/\" class=\"post-date\">\r\n                                                                            4. Juli 2018                                            <\/a>\r\n                            <\/span>\r\n        \r\n                \r\n                \r\n                \r\n                            <span class=\"post-readtime\">\r\n                <i class=\"icon icon-clock\"><\/i>\r\n                8 min <span>read<\/span>            <\/span>\r\n        \r\n                \r\n                            <span class=\"placeholder-post-read-later\"><\/span>\r\n            <\/div>\r\n\r\n\t\t\t\t<\/div>\r\n\t\t\t\r\n\t\t\t\t\t\t\t<div class=\"post-thumbnail\">\r\n\t\t\t\t\t\t\t\t\t\t\t<img width=\"1200\" height=\"675\" src=\"https:\/\/www.dq-index.de\/wp-content\/uploads\/2018\/07\/shutterstock_601834022-1200x675.jpg\" class=\"attachment-gillion-landscape-large size-gillion-landscape-large wp-post-image\" alt=\"\" loading=\"lazy\" \/>\t\t\t\t\t\r\n\t\t\t\t\t            <a href=\"https:\/\/www.dq-index.de\/index.php\/data-scientist-ein-beruf-mit-zukunft\/\" class=\"post-overlay\"><\/a>\r\n        \t\t\t\t\t\t\t\t\t<\/div>\r\n\t\t\t\r\n\t\t\t\r\n\t\t\t<div class=\"post-content-container\">\r\n\t\t\t\t<div class=\"post-content\">\r\n\t\t\t\t\t<p>[vc_row][vc_column][vc_column_text]Wie wird man Data Scientist? Welche Aufgaben hat der Beruf und welche Qualifikationen werden ben\u00f6tigt? Welche Aus- und Weiterbildungsm\u00f6glichkeiten gibt es und vor allem: welche Verdienstm\u00f6glichkeiten bestehen in Deutschland?\u00a0 \u00a0&#8230;<\/p>\n\t\t\t\t<\/div>\r\n\t\t\t<\/div>\r\n\r\n\t\t\t        <div class=\"post-readmore sh-table\">\r\n        \t<div class=\"sh-table-cell post-readmore-text\">\r\n        \t\t<a href=\"https:\/\/www.dq-index.de\/index.php\/data-scientist-ein-beruf-mit-zukunft\/\">\r\n        \t\t\t<h6>Read more<\/h6>\r\n        \t\t<\/a>\r\n        \t<\/div>\r\n        \t<div class=\"sh-table-cell post-readmore-line\">\r\n        \t\t<div class=\"post-readmore-line-content\"><\/div>\r\n        \t<\/div>\r\n        \t<div class=\"sh-table-cell\">\r\n        \t\t<div class=\"post-content-share post-content-share-side\" data-url=\"https:\/\/www.dq-index.de\/index.php\/data-scientist-ein-beruf-mit-zukunft\/\" data-title=\"Data Scientist \u2013 The sexiest job of the century.\"><\/div>\r\n        \t<\/div>\r\n        <\/div>\r\n\r\n    \r\n\t\t<\/div>\r\n\t<\/article>\r\n\r\n                <\/div>\r\n\r\n                \r\n            <\/div>\r\n\r\n        [\/vc_column][\/vc_row]<\/p>\n","protected":false},"excerpt":{"rendered":"<p>[vc_row][vc_column][vc_column_text] DQ-Index: Die neue Orientierung im Markt der Digitalisierung Was Unternehmen an digitalen Qualifikationen fordern und wie sich die Skills ver\u00e4ndern DQ-Index ist ein neues Informationsportal, das Daten \u00fcber den&#8230;<\/p>\n","protected":false},"author":1,"featured_media":0,"parent":0,"menu_order":0,"comment_status":"closed","ping_status":"closed","template":"","meta":[],"_links":{"self":[{"href":"https:\/\/www.dq-index.de\/index.php\/wp-json\/wp\/v2\/pages\/106"}],"collection":[{"href":"https:\/\/www.dq-index.de\/index.php\/wp-json\/wp\/v2\/pages"}],"about":[{"href":"https:\/\/www.dq-index.de\/index.php\/wp-json\/wp\/v2\/types\/page"}],"author":[{"embeddable":true,"href":"https:\/\/www.dq-index.de\/index.php\/wp-json\/wp\/v2\/users\/1"}],"replies":[{"embeddable":true,"href":"https:\/\/www.dq-index.de\/index.php\/wp-json\/wp\/v2\/comments?post=106"}],"version-history":[{"count":42,"href":"https:\/\/www.dq-index.de\/index.php\/wp-json\/wp\/v2\/pages\/106\/revisions"}],"predecessor-version":[{"id":601,"href":"https:\/\/www.dq-index.de\/index.php\/wp-json\/wp\/v2\/pages\/106\/revisions\/601"}],"wp:attachment":[{"href":"https:\/\/www.dq-index.de\/index.php\/wp-json\/wp\/v2\/media?parent=106"}],"curies":[{"name":"wp","href":"https:\/\/api.w.org\/{rel}","templated":true}]}}